{"id":11,"date":"2022-12-04T18:40:18","date_gmt":"2022-12-04T16:40:18","guid":{"rendered":"https:\/\/advega.hr\/en\/projekti\/"},"modified":"2023-10-26T20:17:29","modified_gmt":"2023-10-26T18:17:29","slug":"projects","status":"publish","type":"page","link":"https:\/\/advega.hr\/en\/projects\/","title":{"rendered":"Projects"},"content":{"rendered":"<p>Astronomical Society VEGA implements numerous projects and programs to popularize science and STEM, and anyone interested can join us! Professional knowledge is not a prerequisite because we can learn about the universe together, and those who want to visit us or join the association to contribute to the work, are free to contact us. In addition to education and scientific work, we also pay attention to astrophotography, and you can see individual works in the photo gallery.<\/p>\n<h4><strong>Our projects:<\/strong><\/h4>\n<p><strong>\u010cakovec observatory<\/strong><\/p>\n<p>Astronomical Society Vega manages the \u010cakovec observatory located in the suburban settlement of Savska Ves. The observatory does not have permanent working hours but is used as needed or on the occasion of certain events, and in addition to the locals of Savska Ves and \u010cakovec, schoolchildren and members of associations for children and young people often look through the telescope<span style=\"text-decoration: line-through;\">.<\/span> You can follow announcements of activities in the observatory on our social networks, and you can contact us for group visits.<\/p>\n<p>&nbsp;<\/p>\n<p><strong>The Sun \u2013 Our Star<\/strong><\/p>\n<p>The project &#8220;The Sun &#8211; Our Star&#8221; is the longest-running project of the Astronomical Society Vega, which has been carried out periodically since 2015, although some lectures were held as early as 2012. As part of the project, workshops, educational lectures and observations of the night sky with astronomical instruments are organized. AD VEGA implements the project in the area of the city of \u010cakovec, to increase interest in astronomy in the city.<\/p>\n<p>&nbsp;<\/p>\n<p><strong>Global Meteor Network<\/strong><\/p>\n<p>The society is involved in the work of the Global Meteor Network (GMN), an organization that manages the work of about 40 sky monitoring cameras installed all over the world. The project itself began in 2007 as a joint project of the Astronomical Society of Istria from Pula and the Scientific Education Center Vi\u0161njan. The cameras placed all over the world enable multiple overlays of the cameras&#8217; fields of view, which results in a very precise analysis of meteor trajectories. The camera was placed in building 1 of the Me\u0111imurje Technology and Innovation Center, and TICM gave the society a place in the server room where the computer that runs the camera is located. The installation of the camera was done by Miroslav Smoli\u0107 with the help of <a href=\"https:\/\/franz-net.hr\/\" target=\"_blank\" rel=\"noopener\">FranzNET<\/a>, a company incubated at TICM.<\/p>\n<p>&nbsp;<\/p>\n<p><strong>School of Astronomy<\/strong><\/p>\n<p>The &#8220;School of Astronomy&#8221; project was launched in 2022 with the help of the Vrati\u0161inec Municipality as a pilot project in Dr. Vinko \u017dganec Vrati\u0161inec Elementary School, and it will be implemented in different scopes in 2023 in cooperation with several municipalities in several schools in the Me\u0111imurje County. Through the project, students master the basics of working with a telescope and acquire basic astronomical knowledge. With this project, AD Vega aims to popularize astronomy among schoolchildren, and the long-term goal of the project is to encourage schools to establish astronomy groups and schoolchildren to participate in astronomy competitions.<\/p>\n<p>&nbsp;<\/p>\n<p><strong>Erasmus + project &#8220;Astronomy in Kindergarten&#8221;<\/strong><\/p>\n<p>At the invitation of DV Cvr\u010dak PO STONOGA Novo Selo Rok, the Astronomical Society Vega joined the cooperation on the project &#8220;Astronomy in Kindergarten&#8221;. It is a project created as a result of long-term cooperation and exchange of experiences in the field of children&#8217;s upbringing and education between the kindergarten Turni\u0161\u0107e from Slovenia and DV Cvr\u010dak. The project leader is DV Turni\u0161\u0107e, the Stonoga kindergarten is a partner in the project, and AD VEGA as a collaborator holds lectures and other activities in the kindergarten.<\/p>\n<p>&nbsp;<\/p>\n<p><strong>ITEO project &#8211; Popularization of STEM in Me\u0111imurje<\/strong><\/p>\n<p>The goal of the project &#8220;ITEO &#8211; Popularization of STEM in Me\u0111imurje&#8221; was to improve the capacity of societies in Me\u0111imurje County to implement the program for the popularization of STEM. By strengthening capacities through new knowledge and good practices in Europe and the cooperation of societies with the scientific and higher education community in the region and relevant stakeholders, the popularization of STEM was improved in an interdisciplinary and innovative way towards the end users: children, young people and the wider population in Me\u0111imurje. The project lasted 24 months, the organizer was the Young Informatics Association of Strahoninec, and in addition to the VEGA Astronomical Society, the project partners were the Me\u0111imurje Informatics Club, the Radio Club Me\u0111imurje \u010cakovec, the Association of Technical Culture Pedagogues of Me\u0111imurje County, the Platform for the Community Center \u010cakovec, the Public Institution for Regional Development Me\u0111imurje County REDEA, Faculty of Organization and Informatics, Me\u0111imurje Polytechnic in \u010cakovec and Josip Slavenski Gymnasium \u010cakovec The total value of the project was HRK 2,226,017.52 and it was financed from the Operational Program Effective Human Potential from the European Social Fund (85%) and the state budget of the Republic of Croatia (15%). The project was completed in 2022, and you can find out more about the project at iteo.udruga-mis.hr. As a continuation of the project, the establishment of the ITEO scientific centre is planned, so new project activities are being designed, in which the members of our association also participate.<\/p>\n","protected":false},"excerpt":{"rendered":"<p>Astronomical Society VEGA implements numerous projects and programs to popularize science and STEM, and anyone interested can join us! Professional knowledge is not a prerequisite because we can learn about the universe together, and those who want to visit us or join the association to contribute to the work, are free to contact us. In addition to education and scientific work, we also pay attention to astrophotography, and you can see individual works in the photo gallery. Our projects: \u010cakovec observatory Astronomical Society Vega manages the \u010cakovec observatory located in the suburban settlement of Savska Ves. The observatory does not<span class=\"excerpt-hellip\"> [\u2026]<\/span><\/p>\n","protected":false},"author":6,"featured_media":0,"parent":0,"menu_order":0,"comment_status":"closed","ping_status":"closed","template":"","meta":{"ngg_post_thumbnail":0,"footnotes":""},"class_list":["post-11","page","type-page","status-publish","hentry"],"yoast_head":"<!-- This site is optimized with the Yoast SEO plugin v25.5 - https:\/\/yoast.com\/wordpress\/plugins\/seo\/ -->\n<title>Projects - Astronomical Society VEGA \u010cakovec<\/title>\n<meta name=\"robots\" content=\"index, follow, max-snippet:-1, max-image-preview:large, max-video-preview:-1\" \/>\n<link rel=\"canonical\" href=\"https:\/\/advega.hr\/en\/projects\/\" \/>\n<meta property=\"og:locale\" content=\"en_US\" \/>\n<meta property=\"og:type\" content=\"article\" \/>\n<meta property=\"og:title\" content=\"Projects - Astronomical Society VEGA \u010cakovec\" \/>\n<meta property=\"og:description\" content=\"Astronomical Society VEGA implements numerous projects and programs to popularize science and STEM, and anyone interested can join us! Professional knowledge is not a prerequisite because we can learn about the universe together, and those who want to visit us or join the association to contribute to the work, are free to contact us. In addition to education and scientific work, we also pay attention to astrophotography, and you can see individual works in the photo gallery. Our projects: \u010cakovec observatory Astronomical Society Vega manages the \u010cakovec observatory located in the suburban settlement of Savska Ves. The observatory does not [\u2026]\" \/>\n<meta property=\"og:url\" content=\"https:\/\/advega.hr\/en\/projects\/\" \/>\n<meta property=\"og:site_name\" content=\"Astronomical Society VEGA \u010cakovec\" \/>\n<meta property=\"article:modified_time\" content=\"2023-10-26T18:17:29+00:00\" \/>\n<meta name=\"twitter:card\" content=\"summary_large_image\" \/>\n<meta name=\"twitter:label1\" content=\"Est. reading time\" \/>\n\t<meta name=\"twitter:data1\" content=\"4 minutes\" \/>\n<script type=\"application\/ld+json\" class=\"yoast-schema-graph\">{\"@context\":\"https:\/\/schema.org\",\"@graph\":[{\"@type\":\"WebPage\",\"@id\":\"https:\/\/advega.hr\/en\/projects\/\",\"url\":\"https:\/\/advega.hr\/en\/projects\/\",\"name\":\"Projects - Astronomical Society VEGA \u010cakovec\",\"isPartOf\":{\"@id\":\"https:\/\/advega.hr\/en\/#website\"},\"datePublished\":\"2022-12-04T16:40:18+00:00\",\"dateModified\":\"2023-10-26T18:17:29+00:00\",\"breadcrumb\":{\"@id\":\"https:\/\/advega.hr\/en\/projects\/#breadcrumb\"},\"inLanguage\":\"en-US\",\"potentialAction\":[{\"@type\":\"ReadAction\",\"target\":[\"https:\/\/advega.hr\/en\/projects\/\"]}]},{\"@type\":\"BreadcrumbList\",\"@id\":\"https:\/\/advega.hr\/en\/projects\/#breadcrumb\",\"itemListElement\":[{\"@type\":\"ListItem\",\"position\":1,\"name\":\"Home\",\"item\":\"https:\/\/advega.hr\/en\/\"},{\"@type\":\"ListItem\",\"position\":2,\"name\":\"Projects\"}]},{\"@type\":\"WebSite\",\"@id\":\"https:\/\/advega.hr\/en\/#website\",\"url\":\"https:\/\/advega.hr\/en\/\",\"name\":\"Astronomical Society VEGA \u010cakovec\",\"description\":\"Astronomical Society VEGA \u010cakovec has been gathering space enthusiasts from the Me\u0111imurje area since 2010, and was founded after a long period of inactivity of astronomers from \u010cakovec due to the closure of the once widely known Astronomical Society \u010cakovec.\",\"potentialAction\":[{\"@type\":\"SearchAction\",\"target\":{\"@type\":\"EntryPoint\",\"urlTemplate\":\"https:\/\/advega.hr\/en\/?s={search_term_string}\"},\"query-input\":{\"@type\":\"PropertyValueSpecification\",\"valueRequired\":true,\"valueName\":\"search_term_string\"}}],\"inLanguage\":\"en-US\"}]}<\/script>\n<!-- \/ Yoast SEO plugin. -->","yoast_head_json":{"title":"Projects - Astronomical Society VEGA \u010cakovec","robots":{"index":"index","follow":"follow","max-snippet":"max-snippet:-1","max-image-preview":"max-image-preview:large","max-video-preview":"max-video-preview:-1"},"canonical":"https:\/\/advega.hr\/en\/projects\/","og_locale":"en_US","og_type":"article","og_title":"Projects - Astronomical Society VEGA \u010cakovec","og_description":"Astronomical Society VEGA implements numerous projects and programs to popularize science and STEM, and anyone interested can join us! Professional knowledge is not a prerequisite because we can learn about the universe together, and those who want to visit us or join the association to contribute to the work, are free to contact us. In addition to education and scientific work, we also pay attention to astrophotography, and you can see individual works in the photo gallery. Our projects: \u010cakovec observatory Astronomical Society Vega manages the \u010cakovec observatory located in the suburban settlement of Savska Ves. The observatory does not [\u2026]","og_url":"https:\/\/advega.hr\/en\/projects\/","og_site_name":"Astronomical Society VEGA \u010cakovec","article_modified_time":"2023-10-26T18:17:29+00:00","twitter_card":"summary_large_image","twitter_misc":{"Est. reading time":"4 minutes"},"schema":{"@context":"https:\/\/schema.org","@graph":[{"@type":"WebPage","@id":"https:\/\/advega.hr\/en\/projects\/","url":"https:\/\/advega.hr\/en\/projects\/","name":"Projects - Astronomical Society VEGA \u010cakovec","isPartOf":{"@id":"https:\/\/advega.hr\/en\/#website"},"datePublished":"2022-12-04T16:40:18+00:00","dateModified":"2023-10-26T18:17:29+00:00","breadcrumb":{"@id":"https:\/\/advega.hr\/en\/projects\/#breadcrumb"},"inLanguage":"en-US","potentialAction":[{"@type":"ReadAction","target":["https:\/\/advega.hr\/en\/projects\/"]}]},{"@type":"BreadcrumbList","@id":"https:\/\/advega.hr\/en\/projects\/#breadcrumb","itemListElement":[{"@type":"ListItem","position":1,"name":"Home","item":"https:\/\/advega.hr\/en\/"},{"@type":"ListItem","position":2,"name":"Projects"}]},{"@type":"WebSite","@id":"https:\/\/advega.hr\/en\/#website","url":"https:\/\/advega.hr\/en\/","name":"Astronomical Society VEGA \u010cakovec","description":"Astronomical Society VEGA \u010cakovec has been gathering space enthusiasts from the Me\u0111imurje area since 2010, and was founded after a long period of inactivity of astronomers from \u010cakovec due to the closure of the once widely known Astronomical Society \u010cakovec.","potentialAction":[{"@type":"SearchAction","target":{"@type":"EntryPoint","urlTemplate":"https:\/\/advega.hr\/en\/?s={search_term_string}"},"query-input":{"@type":"PropertyValueSpecification","valueRequired":true,"valueName":"search_term_string"}}],"inLanguage":"en-US"}]}},"_links":{"self":[{"href":"https:\/\/advega.hr\/en\/wp-json\/wp\/v2\/pages\/11","targetHints":{"allow":["GET"]}}],"collection":[{"href":"https:\/\/advega.hr\/en\/wp-json\/wp\/v2\/pages"}],"about":[{"href":"https:\/\/advega.hr\/en\/wp-json\/wp\/v2\/types\/page"}],"author":[{"embeddable":true,"href":"https:\/\/advega.hr\/en\/wp-json\/wp\/v2\/users\/6"}],"replies":[{"embeddable":true,"href":"https:\/\/advega.hr\/en\/wp-json\/wp\/v2\/comments?post=11"}],"version-history":[{"count":3,"href":"https:\/\/advega.hr\/en\/wp-json\/wp\/v2\/pages\/11\/revisions"}],"predecessor-version":[{"id":49,"href":"https:\/\/advega.hr\/en\/wp-json\/wp\/v2\/pages\/11\/revisions\/49"}],"wp:attachment":[{"href":"https:\/\/advega.hr\/en\/wp-json\/wp\/v2\/media?parent=11"}],"curies":[{"name":"wp","href":"https:\/\/api.w.org\/{rel}","templated":true}]}}