{"id":15,"date":"2015-04-11T17:57:38","date_gmt":"2015-04-11T15:57:38","guid":{"rendered":"https:\/\/advega.hr\/en\/o-nama\/"},"modified":"2023-10-26T20:39:32","modified_gmt":"2023-10-26T18:39:32","slug":"about-us","status":"publish","type":"page","link":"https:\/\/advega.hr\/en\/about-us\/","title":{"rendered":"About us"},"content":{"rendered":"<p>Although numerous traditional chants of Me\u0111imurje testify to us that the inhabitants of the region between the two waters, the Mura and the Drava, were happy to observe the stars, the first mentions of astronomy and Me\u0111imurje astronomers can be found in archives from the 18th century, and they are related to Ignac Svetomartinski &#8211; Ignac St. Szentm\u00e1rtony (Kotoriba 1718 &#8211; Belica, 1793).<\/p>\n<p>He studied mathematics and theology in Vienna and taught quantitative theory in Graz. When King Ivan V of Portugal was looking for geographers and astronomers to explore the Amazon River, he offered the job to famous Ru\u0111er Bo\u0161kovi\u0107, who did not accept it, so the opportunity was given to Ignac, who went to Lisbon, then to Brazil. There, he made astronomical observations and measurements, thanks to which the first precise maps of the Amazon basin were made. Because of his work, Portuguese King Joseph I, the successor of John V, granted our astronomer the status of royal and court mathematician and astronomer with a salary from the royal treasury.<\/p>\n<p>After Ignac Svetomartinski, Me\u0111imurje astronomy is associated with <strong>Josip \u0160tolcer-Slavenski<\/strong>, (\u010cakovec, May 11, 1896 \u2013 Belgrade, November 30, 1955), a famous Croatian composer, music pedagogue and amateur astronomer. \u0160tolcer -Slavenski, in his work, nurtured the idea of a science that should connect astronomy and music, he called the combination astroacoustics and described it with the words &#8211; &#8220;I can&#8217;t show you unknown planets through the eyepiece of a telescope, but I can make you hear them&#8221;.<\/p>\n<p>The history of organized observation and study of the sky in \u010cakovec began twelve years after the death of \u0160tolcer-Slavenski when we recorded the first gathering of astronomers on October 17, 1967. On that day, the Astronomical Section of the <strong>Croatian Natural History Society \u010cakove<\/strong>c was founded, the first president was Vatroslav Merli\u0107, and the section operated as part of the Croatian Natural History Society in Zagreb.<\/p>\n<p>Members of the Section acquired basic knowledge at the observatory in Zagreb, after which they received the status of &#8220;astronomical operator&#8221; and, in addition to observing the sky, they were engaged in organizing film screenings and exhibitions. The \u010cakovec section grew over time, and on December 25, 1968, it changed its name to <strong>Astronomical Section HPD and Folk Techniques &#8220;Josip&nbsp;Slavenski&#8221;&nbsp;\u010cakovec<\/strong> and began working as an independent organization. At that time, the members had neither an observatory nor a telescope, so on the initiative of&nbsp;\u010ceda&nbsp;Tihomirovi\u0107, then president of the section, and Ignac Bel, president of the Municipality of&nbsp;\u010cakovec, the construction of an observatory began in the suburban settlement of&nbsp;Savska&nbsp;Ves. The plans of the observatory were provided free of charge by the&nbsp;Czechoslovak&nbsp;astronomers of the observatories in Brno and&nbsp;Ondrejovo, with whom AS was in contact through HPD Zagreb, and the plans were refined by Pavao&nbsp;Smoljan&nbsp;from&nbsp;\u010cakovec. Thanks to this, as well as&nbsp;numerous&nbsp;engagements of entrepreneurs from&nbsp;\u010cakovec, the observatory was built. In April 1976, the first (and so far, the only) TASCO 108\/1600 telescope was installed, and a little later that year, the procurement of equipment&nbsp;began,&nbsp;and the first cameras were&nbsp;purchased. The society soon changed its name again, became the Astronomical Section of Savska Ves, and started giving school lectures. The lectures are led by Zdravko&nbsp;Jan\u010di, and the president of the society is Marijan Pal. Members of the society also achieve significant success at national competitions&nbsp;and also&nbsp;participate&nbsp;in astronomy camps.<\/p>\n<p>On February 21, 1984, a new era for&nbsp;Me\u0111imurje&nbsp;astronomers began, all activities were gathered under a common denominator and the&nbsp;<strong>\u010cakovec&nbsp;Astronomical Society<\/strong> was founded. As part of it, there are sections in several primary and secondary schools, so in 1989 the society had 82 members in five sections. Telescopes are also made under the guidance of Professor Josip Bajuk, glasses are procured from Slovenia, and telescope parts are made by craftsmen from \u010cakovec. Unfortunately, with the advent of the war years, the observatory was used for military purposes, and certain parts of the telescope disappeared, and the society itself had fewer and fewer members and finances, so it ceased to operate. The observatory fell into disrepair and remained so until 2010.<\/p>\n<p>In 2010, the <strong>Vega Astronomical Society<\/strong> was founded, which still operates today, and gathers around twenty active members. The city of \u010cakovec gave the society an observatory upon its founding, and members of the society regularly make observations in it today. In addition to working in the observatory, Vega astronomers regularly hold lectures for the interested public, schools and kindergartens, and participate in educational projects. The goal of the society is the development of technical culture and astronomical activities, as well as the development and application of scientific achievements, raising the awareness of citizens about light pollution and education about its harmful effects on the environment and humans, holding competitions and similar events and participating in events organized by other associations, unions and community. The Society for Public Observations uses three telescopes, the above-mentioned Tasco 108\/1600 mm motorized refractor intended for observing the Moon and nearby planets, the Maksutov MC 150\/1800 SkyMax telescope and the Lunt LS60THa solar telescope suitable for observing the Sun.<\/p>\n","protected":false},"excerpt":{"rendered":"<p>Although numerous traditional chants of Me\u0111imurje testify to us that the inhabitants of the region between the two waters, the Mura and the Drava, were happy to observe the stars, the first mentions of astronomy and Me\u0111imurje astronomers can be found in archives from the 18th century, and they are related to Ignac Svetomartinski &#8211; Ignac St. Szentm\u00e1rtony (Kotoriba 1718 &#8211; Belica, 1793). He studied mathematics and theology in Vienna and taught quantitative theory in Graz. When King Ivan V of Portugal was looking for geographers and astronomers to explore the Amazon River, he offered the job to famous Ru\u0111er<span class=\"excerpt-hellip\"> [\u2026]<\/span><\/p>\n","protected":false},"author":6,"featured_media":0,"parent":0,"menu_order":0,"comment_status":"open","ping_status":"closed","template":"","meta":{"ngg_post_thumbnail":0,"footnotes":""},"class_list":["post-15","page","type-page","status-publish","hentry"],"yoast_head":"<!-- This site is optimized with the Yoast SEO plugin v25.5 - https:\/\/yoast.com\/wordpress\/plugins\/seo\/ -->\n<title>About us - Astronomical Society VEGA \u010cakovec<\/title>\n<meta name=\"robots\" content=\"index, follow, max-snippet:-1, max-image-preview:large, max-video-preview:-1\" \/>\n<link rel=\"canonical\" href=\"https:\/\/advega.hr\/en\/about-us\/\" \/>\n<meta property=\"og:locale\" content=\"en_US\" \/>\n<meta property=\"og:type\" content=\"article\" \/>\n<meta property=\"og:title\" content=\"About us - Astronomical Society VEGA \u010cakovec\" \/>\n<meta property=\"og:description\" content=\"Although numerous traditional chants of Me\u0111imurje testify to us that the inhabitants of the region between the two waters, the Mura and the Drava, were happy to observe the stars, the first mentions of astronomy and Me\u0111imurje astronomers can be found in archives from the 18th century, and they are related to Ignac Svetomartinski &#8211; Ignac St. Szentm\u00e1rtony (Kotoriba 1718 &#8211; Belica, 1793). He studied mathematics and theology in Vienna and taught quantitative theory in Graz. When King Ivan V of Portugal was looking for geographers and astronomers to explore the Amazon River, he offered the job to famous Ru\u0111er [\u2026]\" \/>\n<meta property=\"og:url\" content=\"https:\/\/advega.hr\/en\/about-us\/\" \/>\n<meta property=\"og:site_name\" content=\"Astronomical Society VEGA \u010cakovec\" \/>\n<meta property=\"article:modified_time\" content=\"2023-10-26T18:39:32+00:00\" \/>\n<meta name=\"twitter:card\" content=\"summary_large_image\" \/>\n<meta name=\"twitter:label1\" content=\"Est. reading time\" \/>\n\t<meta name=\"twitter:data1\" content=\"4 minutes\" \/>\n<script type=\"application\/ld+json\" class=\"yoast-schema-graph\">{\"@context\":\"https:\/\/schema.org\",\"@graph\":[{\"@type\":\"WebPage\",\"@id\":\"https:\/\/advega.hr\/en\/about-us\/\",\"url\":\"https:\/\/advega.hr\/en\/about-us\/\",\"name\":\"About us - Astronomical Society VEGA \u010cakovec\",\"isPartOf\":{\"@id\":\"https:\/\/advega.hr\/en\/#website\"},\"datePublished\":\"2015-04-11T15:57:38+00:00\",\"dateModified\":\"2023-10-26T18:39:32+00:00\",\"breadcrumb\":{\"@id\":\"https:\/\/advega.hr\/en\/about-us\/#breadcrumb\"},\"inLanguage\":\"en-US\",\"potentialAction\":[{\"@type\":\"ReadAction\",\"target\":[\"https:\/\/advega.hr\/en\/about-us\/\"]}]},{\"@type\":\"BreadcrumbList\",\"@id\":\"https:\/\/advega.hr\/en\/about-us\/#breadcrumb\",\"itemListElement\":[{\"@type\":\"ListItem\",\"position\":1,\"name\":\"Home\",\"item\":\"https:\/\/advega.hr\/en\/\"},{\"@type\":\"ListItem\",\"position\":2,\"name\":\"About us\"}]},{\"@type\":\"WebSite\",\"@id\":\"https:\/\/advega.hr\/en\/#website\",\"url\":\"https:\/\/advega.hr\/en\/\",\"name\":\"Astronomical Society VEGA \u010cakovec\",\"description\":\"Astronomical Society VEGA \u010cakovec has been gathering space enthusiasts from the Me\u0111imurje area since 2010, and was founded after a long period of inactivity of astronomers from \u010cakovec due to the closure of the once widely known Astronomical Society \u010cakovec.\",\"potentialAction\":[{\"@type\":\"SearchAction\",\"target\":{\"@type\":\"EntryPoint\",\"urlTemplate\":\"https:\/\/advega.hr\/en\/?s={search_term_string}\"},\"query-input\":{\"@type\":\"PropertyValueSpecification\",\"valueRequired\":true,\"valueName\":\"search_term_string\"}}],\"inLanguage\":\"en-US\"}]}<\/script>\n<!-- \/ Yoast SEO plugin. -->","yoast_head_json":{"title":"About us - Astronomical Society VEGA \u010cakovec","robots":{"index":"index","follow":"follow","max-snippet":"max-snippet:-1","max-image-preview":"max-image-preview:large","max-video-preview":"max-video-preview:-1"},"canonical":"https:\/\/advega.hr\/en\/about-us\/","og_locale":"en_US","og_type":"article","og_title":"About us - Astronomical Society VEGA \u010cakovec","og_description":"Although numerous traditional chants of Me\u0111imurje testify to us that the inhabitants of the region between the two waters, the Mura and the Drava, were happy to observe the stars, the first mentions of astronomy and Me\u0111imurje astronomers can be found in archives from the 18th century, and they are related to Ignac Svetomartinski &#8211; Ignac St. Szentm\u00e1rtony (Kotoriba 1718 &#8211; Belica, 1793). He studied mathematics and theology in Vienna and taught quantitative theory in Graz. When King Ivan V of Portugal was looking for geographers and astronomers to explore the Amazon River, he offered the job to famous Ru\u0111er [\u2026]","og_url":"https:\/\/advega.hr\/en\/about-us\/","og_site_name":"Astronomical Society VEGA \u010cakovec","article_modified_time":"2023-10-26T18:39:32+00:00","twitter_card":"summary_large_image","twitter_misc":{"Est. reading time":"4 minutes"},"schema":{"@context":"https:\/\/schema.org","@graph":[{"@type":"WebPage","@id":"https:\/\/advega.hr\/en\/about-us\/","url":"https:\/\/advega.hr\/en\/about-us\/","name":"About us - Astronomical Society VEGA \u010cakovec","isPartOf":{"@id":"https:\/\/advega.hr\/en\/#website"},"datePublished":"2015-04-11T15:57:38+00:00","dateModified":"2023-10-26T18:39:32+00:00","breadcrumb":{"@id":"https:\/\/advega.hr\/en\/about-us\/#breadcrumb"},"inLanguage":"en-US","potentialAction":[{"@type":"ReadAction","target":["https:\/\/advega.hr\/en\/about-us\/"]}]},{"@type":"BreadcrumbList","@id":"https:\/\/advega.hr\/en\/about-us\/#breadcrumb","itemListElement":[{"@type":"ListItem","position":1,"name":"Home","item":"https:\/\/advega.hr\/en\/"},{"@type":"ListItem","position":2,"name":"About us"}]},{"@type":"WebSite","@id":"https:\/\/advega.hr\/en\/#website","url":"https:\/\/advega.hr\/en\/","name":"Astronomical Society VEGA \u010cakovec","description":"Astronomical Society VEGA \u010cakovec has been gathering space enthusiasts from the Me\u0111imurje area since 2010, and was founded after a long period of inactivity of astronomers from \u010cakovec due to the closure of the once widely known Astronomical Society \u010cakovec.","potentialAction":[{"@type":"SearchAction","target":{"@type":"EntryPoint","urlTemplate":"https:\/\/advega.hr\/en\/?s={search_term_string}"},"query-input":{"@type":"PropertyValueSpecification","valueRequired":true,"valueName":"search_term_string"}}],"inLanguage":"en-US"}]}},"_links":{"self":[{"href":"https:\/\/advega.hr\/en\/wp-json\/wp\/v2\/pages\/15","targetHints":{"allow":["GET"]}}],"collection":[{"href":"https:\/\/advega.hr\/en\/wp-json\/wp\/v2\/pages"}],"about":[{"href":"https:\/\/advega.hr\/en\/wp-json\/wp\/v2\/types\/page"}],"author":[{"embeddable":true,"href":"https:\/\/advega.hr\/en\/wp-json\/wp\/v2\/users\/6"}],"replies":[{"embeddable":true,"href":"https:\/\/advega.hr\/en\/wp-json\/wp\/v2\/comments?post=15"}],"version-history":[{"count":3,"href":"https:\/\/advega.hr\/en\/wp-json\/wp\/v2\/pages\/15\/revisions"}],"predecessor-version":[{"id":51,"href":"https:\/\/advega.hr\/en\/wp-json\/wp\/v2\/pages\/15\/revisions\/51"}],"wp:attachment":[{"href":"https:\/\/advega.hr\/en\/wp-json\/wp\/v2\/media?parent=15"}],"curies":[{"name":"wp","href":"https:\/\/api.w.org\/{rel}","templated":true}]}}